{"id":122,"date":"2021-09-18T13:53:09","date_gmt":"2021-09-18T13:53:09","guid":{"rendered":"https:\/\/besimxhelili.at\/al\/?page_id=122"},"modified":"2021-12-10T22:16:08","modified_gmt":"2021-12-10T22:16:08","slug":"impresum","status":"publish","type":"page","link":"https:\/\/besimxhelili.at\/al\/impresum\/","title":{"rendered":"Impresum"},"content":{"rendered":"\t\t<div data-elementor-type=\"wp-page\" data-elementor-id=\"122\" class=\"elementor elementor-122\" data-elementor-post-type=\"page\">\n\t\t\t\t\t\t<section class=\"elementor-section elementor-top-section elementor-element elementor-element-u0rle4p elementor-section-height-min-height elementor-section-boxed elementor-section-height-default elementor-section-items-middle\" data-id=\"u0rle4p\" data-element_type=\"section\" data-settings=\"{&quot;background_background&quot;:&quot;classic&quot;}\">\n\t\t\t\t\t\t\t<div class=\"elementor-background-overlay\"><\/div>\n\t\t\t\t\t\t\t<div class=\"elementor-container elementor-column-gap-no\">\n\t\t\t\t\t<div class=\"elementor-column elementor-col-100 elementor-top-column elementor-element elementor-element-ac15770\" data-id=\"ac15770\" data-element_type=\"column\">\n\t\t\t<div class=\"elementor-widget-wrap\">\n\t\t\t\t\t\t\t<\/div>\n\t\t<\/div>\n\t\t\t\t\t<\/div>\n\t\t<\/section>\n\t\t\t\t<section class=\"elementor-section elementor-top-section elementor-element elementor-element-5za2lh2 elementor-section-boxed elementor-section-height-default elementor-section-height-default\" data-id=\"5za2lh2\" data-element_type=\"section\" id=\"about\">\n\t\t\t\t\t\t<div class=\"elementor-container elementor-column-gap-no\">\n\t\t\t\t\t<div class=\"elementor-column elementor-col-100 elementor-top-column elementor-element elementor-element-eb255ee\" data-id=\"eb255ee\" data-element_type=\"column\">\n\t\t\t<div class=\"elementor-widget-wrap elementor-element-populated\">\n\t\t\t\t\t\t<div class=\"elementor-element elementor-element-c8065f9 elementor-widget elementor-widget-text-editor\" data-id=\"c8065f9\" data-element_type=\"widget\" data-widget_type=\"text-editor.default\">\n\t\t\t\t<div class=\"elementor-widget-container\">\n\t\t\t\t\t\t\t\t\t<h4><span class=\"fs12\">Pronar i k\u00ebsaj webfaqeje dhe p\u00ebrgjegj\u00ebs p\u00ebr p\u00ebrmbajtjen:<\/span><\/h4><h4><span class=\"fs12\">Besim Xhelili<br \/><\/span><span class=\"fs12\">E-Mail:\u00a0<a class=\"imCssLink\" href=\"mailto:besim@live.at?subject=P%C3%ABrsh%C3%ABndetje...!&amp;body=\"><i>besim@live.at<\/i><\/a><br \/><\/span><span class=\"fs12\">Tel.: +43 (0) 660 486 6191<br \/><\/span><span class=\"fs12\">Web:\u00a0<a class=\"imCssLink\" href=\"index.html\"><i>www.besimxhelili.at<\/i><\/a><\/span><\/h4><h4>\u00a0<\/h4><h4><span class=\"fs12\">SQARIM<\/span><\/h4><h4><span class=\"fs12\">Kjo \u00ebsht\u00eb faqja ime personale, ku un\u00eb sipas d\u00ebshir\u00ebs dhe koh\u00ebs q\u00eb kam n\u00eb sh\u00ebrbim publikoj materiale t\u00eb ndryshme, para s\u00eb gjithash krijime nga krijimtaria ime, por edhe materiale t\u00eb tjera vizuele si fotografi, video e t\u00eb ngjashme.<\/span><\/h4><h4><span class=\"fs12\">Un\u00eb kujdesem me v\u00ebmendje q\u00eb k\u00ebt\u00eb faqe ta mbush me material aktual, t\u00eb plot\u00eb dhe t\u00eb sakt\u00eb, por munden t\u00eb ndodhin edhe parregullsi dhe mosmarr\u00ebveshje t\u00eb pad\u00ebshirueshme, p\u00ebr t\u00eb cilat un\u00eb nuk marr asnj\u00eb p\u00ebrgjegj\u00ebsi.<\/span><\/h4><h4><span class=\"fs12\">P\u00ebr raste t\u00eb mundshme t\u00eb d\u00ebmit q\u00eb mundet t\u00eb vij\u00eb si pasoj\u00eb e t\u00eb dh\u00ebnave n\u00eb faqen time, nuk lejohet q\u00eb kund\u00ebr meje t\u00eb ngritet ndonj\u00eb padi e \u00e7far\u00ebdo forme qoft\u00eb. Un\u00eb kam t\u00eb drejt\u00ebn q\u00eb k\u00ebt\u00eb faqe n\u00eb t\u00ebr\u00ebsi apo pjes\u00ebrisht ose thjesht\u00eb publikimin e saj ta heq nga rrjeti p\u00ebrkoh\u00ebsisht ose p\u00ebrgjithmon\u00eb dhe pa e paralajm\u00ebruar k\u00ebt\u00eb gj\u00eb.<\/span><\/h4><h4><span class=\"fs12\">P\u00ebr lidhjet dhe veg\u00ebzat e jashtme (eksterne) nuk marr asnj\u00eb p\u00ebrgjegj\u00ebsi. Gjithashtu nuk garantoj sakt\u00ebsin\u00eb dhe aktualitetin i k\u00ebtyre lidhjeve apo veg\u00ebzave dhe nuk jam n\u00eb gjendje t\u00eb nj\u00ebjtat vazhdimisht t\u2019i verifikoj.<\/span><\/h4><h4><span class=\"fs12\">Un\u00eb si autor i shkrimeve, fotografive apo publikimeve tjera t\u00eb ngjashme, kam t\u00eb garantuar autor\u00ebsin\u00eb dhe n\u00ebse n\u00eb raste t\u00eb ve\u00e7anta autor\u00ebsia shkelet, shkel\u00ebsi apo fajtori d\u00ebnohet m\u00eb ligj.<\/span><\/h4><h4><span class=\"fs12\">Materialet e publikuara n\u00eb k\u00ebt\u00eb webfaqe jan\u00eb b\u00ebr\u00eb me p\u00eblqimin tim. Shkarkimi, kopjimi apo shumimi i paautorizuar me shkrim i t\u00eb nj\u00ebjtave ndalohet rrept\u00ebsisht dhe d\u00ebnohet me ligj. N\u00eb raste t\u00eb ve\u00e7anta ku sh\u00ebnohet se materiali \u00ebsht\u00eb i lir\u00eb p\u00ebr t\u2019u shkarkuar at\u00ebher\u00eb i nj\u00ebjti edhe mund t\u00eb shkarkohet pa ndonj\u00eb k\u00ebrkes\u00eb paraprake.<\/span><\/h4><h4><span class=\"fs12\">Logot e ndryshme, n\u00eb ve\u00e7anti t\u00eb rrjeteve sociale jan\u00eb pron\u00eb e kompanive p\u00ebrkat\u00ebse.<\/span><\/h4><h4><span class=\"fs12\">Ju fal\u00ebnderoj p\u00ebr vizit\u00ebn dhe mir\u00ebkuptimin!<\/span><\/h4><h4><span class=\"fs12\">P\u00ebrzem\u00ebrsisht,<br \/><\/span><span class=\"fs12\">Besim Xhelili<\/span><\/h4>\t\t\t\t\t\t\t\t<\/div>\n\t\t\t\t<\/div>\n\t\t\t\t\t<\/div>\n\t\t<\/div>\n\t\t\t\t\t<\/div>\n\t\t<\/section>\n\t\t\t\t<section class=\"elementor-section elementor-top-section elementor-element elementor-element-ed368e2 elementor-section-boxed elementor-section-height-default elementor-section-height-default\" data-id=\"ed368e2\" data-element_type=\"section\">\n\t\t\t\t\t\t<div class=\"elementor-container elementor-column-gap-default\">\n\t\t\t\t\t<div class=\"elementor-column elementor-col-100 elementor-top-column elementor-element elementor-element-a799bd4\" data-id=\"a799bd4\" data-element_type=\"column\">\n\t\t\t<div class=\"elementor-widget-wrap elementor-element-populated\">\n\t\t\t\t\t\t<div class=\"elementor-element elementor-element-8964b78 elementor-widget elementor-widget-image\" data-id=\"8964b78\" data-element_type=\"widget\" data-widget_type=\"image.default\">\n\t\t\t\t<div class=\"elementor-widget-container\">\n\t\t\t\t\t\t\t\t\t\t\t\t\t\t\t\t<a href=\"https:\/\/besimxhelili.at\/al\/wp-content\/uploads\/2021\/12\/20201128_151602-scaled.jpg\" data-elementor-open-lightbox=\"yes\" data-elementor-lightbox-title=\"20201128_151602\" data-e-action-hash=\"#elementor-action%3Aaction%3Dlightbox%26settings%3DeyJpZCI6NzExLCJ1cmwiOiJodHRwczpcL1wvYmVzaW14aGVsaWxpLmF0XC9hbFwvd3AtY29udGVudFwvdXBsb2Fkc1wvMjAyMVwvMTJcLzIwMjAxMTI4XzE1MTYwMi1zY2FsZWQuanBnIn0%3D\">\n\t\t\t\t\t\t\t<img fetchpriority=\"high\" decoding=\"async\" width=\"2560\" height=\"1440\" src=\"https:\/\/besimxhelili.at\/al\/wp-content\/uploads\/2021\/12\/20201128_151602-scaled.jpg\" class=\"attachment-full size-full wp-image-711\" alt=\"\" srcset=\"https:\/\/besimxhelili.at\/al\/wp-content\/uploads\/2021\/12\/20201128_151602-scaled.jpg 2560w, https:\/\/besimxhelili.at\/al\/wp-content\/uploads\/2021\/12\/20201128_151602-300x169.jpg 300w, https:\/\/besimxhelili.at\/al\/wp-content\/uploads\/2021\/12\/20201128_151602-1024x576.jpg 1024w, https:\/\/besimxhelili.at\/al\/wp-content\/uploads\/2021\/12\/20201128_151602-768x432.jpg 768w, https:\/\/besimxhelili.at\/al\/wp-content\/uploads\/2021\/12\/20201128_151602-1536x864.jpg 1536w, https:\/\/besimxhelili.at\/al\/wp-content\/uploads\/2021\/12\/20201128_151602-2048x1152.jpg 2048w\" sizes=\"(max-width: 2560px) 100vw, 2560px\" \/>\t\t\t\t\t\t\t\t<\/a>\n\t\t\t\t\t\t\t\t\t\t\t\t\t\t\t<\/div>\n\t\t\t\t<\/div>\n\t\t\t\t\t<\/div>\n\t\t<\/div>\n\t\t\t\t\t<\/div>\n\t\t<\/section>\n\t\t\t\t<\/div>\n\t\t","protected":false},"excerpt":{"rendered":"<p>Pronar i k\u00ebsaj webfaqeje dhe p\u00ebrgjegj\u00ebs p\u00ebr p\u00ebrmbajtjen: Besim XheliliE-Mail:\u00a0besim@live.atTel.: +43 (0) 660 486 6191Web:\u00a0www.besimxhelili.at \u00a0 SQARIM Kjo \u00ebsht\u00eb faqja ime personale, ku un\u00eb &hellip; <a href=\"https:\/\/besimxhelili.at\/al\/impresum\/\" class=\"readmore\">More <span class=\"screen-reader-text\">Impresum<\/span> &raquo;<\/a><\/p>\n","protected":false},"author":1,"featured_media":0,"parent":0,"menu_order":0,"comment_status":"closed","ping_status":"closed","template":"elementor_header_footer","meta":{"footnotes":""},"class_list":["post-122","page","type-page","status-publish","hentry"],"_links":{"self":[{"href":"https:\/\/besimxhelili.at\/al\/wp-json\/wp\/v2\/pages\/122","targetHints":{"allow":["GET"]}}],"collection":[{"href":"https:\/\/besimxhelili.at\/al\/wp-json\/wp\/v2\/pages"}],"about":[{"href":"https:\/\/besimxhelili.at\/al\/wp-json\/wp\/v2\/types\/page"}],"author":[{"embeddable":true,"href":"https:\/\/besimxhelili.at\/al\/wp-json\/wp\/v2\/users\/1"}],"replies":[{"embeddable":true,"href":"https:\/\/besimxhelili.at\/al\/wp-json\/wp\/v2\/comments?post=122"}],"version-history":[{"count":19,"href":"https:\/\/besimxhelili.at\/al\/wp-json\/wp\/v2\/pages\/122\/revisions"}],"predecessor-version":[{"id":720,"href":"https:\/\/besimxhelili.at\/al\/wp-json\/wp\/v2\/pages\/122\/revisions\/720"}],"wp:attachment":[{"href":"https:\/\/besimxhelili.at\/al\/wp-json\/wp\/v2\/media?parent=122"}],"curies":[{"name":"wp","href":"https:\/\/api.w.org\/{rel}","templated":true}]}}