{"id":46,"date":"2021-06-29T14:02:54","date_gmt":"2021-06-29T14:02:54","guid":{"rendered":"https:\/\/besimxhelili.at\/al\/?page_id=46"},"modified":"2024-07-21T18:54:01","modified_gmt":"2024-07-21T18:54:01","slug":"ballina","status":"publish","type":"page","link":"https:\/\/besimxhelili.at\/al\/","title":{"rendered":"Ballina"},"content":{"rendered":"\t\t<div data-elementor-type=\"wp-page\" data-elementor-id=\"46\" class=\"elementor elementor-46\" data-elementor-post-type=\"page\">\n\t\t\t\t\t\t<section class=\"elementor-section elementor-top-section elementor-element elementor-element-0f4030b elementor-section-boxed elementor-section-height-default elementor-section-height-default\" data-id=\"0f4030b\" data-element_type=\"section\">\n\t\t\t\t\t\t<div class=\"elementor-container elementor-column-gap-default\">\n\t\t\t\t\t<div class=\"elementor-column elementor-col-100 elementor-top-column elementor-element elementor-element-c0ce21f\" data-id=\"c0ce21f\" data-element_type=\"column\">\n\t\t\t<div class=\"elementor-widget-wrap elementor-element-populated\">\n\t\t\t\t\t\t<div class=\"elementor-element elementor-element-c2108d8 elementor-widget elementor-widget-spacer\" data-id=\"c2108d8\" data-element_type=\"widget\" data-widget_type=\"spacer.default\">\n\t\t\t\t<div class=\"elementor-widget-container\">\n\t\t\t\t\t\t\t<div class=\"elementor-spacer\">\n\t\t\t<div class=\"elementor-spacer-inner\"><\/div>\n\t\t<\/div>\n\t\t\t\t\t\t<\/div>\n\t\t\t\t<\/div>\n\t\t\t\t\t<\/div>\n\t\t<\/div>\n\t\t\t\t\t<\/div>\n\t\t<\/section>\n\t\t\t\t<section class=\"elementor-section elementor-top-section elementor-element elementor-element-6f604e1 elementor-section-full_width elementor-section-stretched elementor-section-height-default elementor-section-height-default\" data-id=\"6f604e1\" data-element_type=\"section\" data-settings=\"{&quot;background_background&quot;:&quot;slideshow&quot;,&quot;background_slideshow_gallery&quot;:[{&quot;id&quot;:65,&quot;url&quot;:&quot;https:\\\/\\\/besimxhelili.at\\\/al\\\/wp-content\\\/uploads\\\/2021\\\/06\\\/20200828_193627-scaled.jpg&quot;},{&quot;id&quot;:64,&quot;url&quot;:&quot;https:\\\/\\\/besimxhelili.at\\\/al\\\/wp-content\\\/uploads\\\/2021\\\/06\\\/20200828_174505-scaled.jpg&quot;},{&quot;id&quot;:63,&quot;url&quot;:&quot;https:\\\/\\\/besimxhelili.at\\\/al\\\/wp-content\\\/uploads\\\/2021\\\/06\\\/20200820_225818-scaled.jpg&quot;},{&quot;id&quot;:62,&quot;url&quot;:&quot;https:\\\/\\\/besimxhelili.at\\\/al\\\/wp-content\\\/uploads\\\/2021\\\/06\\\/20200823_104803-scaled.jpg&quot;},{&quot;id&quot;:61,&quot;url&quot;:&quot;https:\\\/\\\/besimxhelili.at\\\/al\\\/wp-content\\\/uploads\\\/2021\\\/06\\\/20200820_113652-scaled.jpg&quot;},{&quot;id&quot;:60,&quot;url&quot;:&quot;https:\\\/\\\/besimxhelili.at\\\/al\\\/wp-content\\\/uploads\\\/2021\\\/06\\\/20200815_153914-scaled.jpg&quot;},{&quot;id&quot;:49,&quot;url&quot;:&quot;https:\\\/\\\/besimxhelili.at\\\/al\\\/wp-content\\\/uploads\\\/2021\\\/06\\\/20200816_071426-scaled.jpg&quot;}],&quot;stretch_section&quot;:&quot;section-stretched&quot;,&quot;background_slideshow_loop&quot;:&quot;yes&quot;,&quot;background_slideshow_slide_duration&quot;:5000,&quot;background_slideshow_slide_transition&quot;:&quot;fade&quot;,&quot;background_slideshow_transition_duration&quot;:500}\">\n\t\t\t\t\t\t<div class=\"elementor-container elementor-column-gap-no\">\n\t\t\t\t\t<div class=\"elementor-column elementor-col-100 elementor-top-column elementor-element elementor-element-3d4787b\" data-id=\"3d4787b\" data-element_type=\"column\">\n\t\t\t<div class=\"elementor-widget-wrap elementor-element-populated\">\n\t\t\t\t\t\t<div class=\"elementor-element elementor-element-c4ec089 elementor--h-position-center elementor--v-position-middle elementor-arrows-position-inside elementor-pagination-position-inside elementor-widget elementor-widget-slides\" data-id=\"c4ec089\" data-element_type=\"widget\" data-settings=\"{&quot;autoplay_speed&quot;:3000,&quot;transition&quot;:&quot;fade&quot;,&quot;navigation&quot;:&quot;both&quot;,&quot;autoplay&quot;:&quot;yes&quot;,&quot;pause_on_hover&quot;:&quot;yes&quot;,&quot;pause_on_interaction&quot;:&quot;yes&quot;,&quot;infinite&quot;:&quot;yes&quot;,&quot;transition_speed&quot;:500}\" data-widget_type=\"slides.default\">\n\t\t\t\t<div class=\"elementor-widget-container\">\n\t\t\t\t\t\t\t\t\t<div class=\"elementor-swiper\">\n\t\t\t\t\t<div class=\"elementor-slides-wrapper elementor-main-swiper swiper\" role=\"region\" aria-roledescription=\"carousel\" aria-label=\"Slides\" dir=\"ltr\" data-animation=\"\">\n\t\t\t\t<div class=\"swiper-wrapper elementor-slides\">\n\t\t\t\t\t\t\t\t\t\t<div class=\"elementor-repeater-item-ec90973 swiper-slide\" role=\"group\" aria-roledescription=\"slide\"><div class=\"swiper-slide-bg elementor-ken-burns elementor-ken-burns--in\" role=\"img\" aria-label=\"20200816_071426\"><\/div><div class=\"swiper-slide-inner\" ><div class=\"swiper-slide-contents\"><div class=\"elementor-slide-heading\">HEJ, TUNGATJETA! MIR\u00cb SE ERDHE N\u00cb FAQEN TIME<\/div><\/div><\/div><\/div><div class=\"elementor-repeater-item-7366dcb swiper-slide\" role=\"group\" aria-roledescription=\"slide\"><div class=\"swiper-slide-bg elementor-ken-burns elementor-ken-burns--in\" role=\"img\" aria-label=\"20200828_193627\"><\/div><div class=\"elementor-background-overlay\"><\/div><div class=\"swiper-slide-inner\" ><div class=\"swiper-slide-contents\"><div class=\"elementor-slide-heading\">KALO SA M\u00cb MIR\u00cb E NDJEHU K\u00cbNDSH\u00cbM<\/div><\/div><\/div><\/div><div class=\"elementor-repeater-item-decef88 swiper-slide\" role=\"group\" aria-roledescription=\"slide\"><div class=\"swiper-slide-bg elementor-ken-burns elementor-ken-burns--in\" role=\"img\" aria-label=\"20200820_113652\"><\/div><div class=\"elementor-background-overlay\"><\/div><div class=\"swiper-slide-inner\" ><div class=\"swiper-slide-contents\"><div class=\"elementor-slide-heading\">MALLI - ATDHEU - KRENARIA<\/div><\/div><\/div><\/div><div class=\"elementor-repeater-item-4a77b3c swiper-slide\" role=\"group\" aria-roledescription=\"slide\"><div class=\"swiper-slide-bg elementor-ken-burns elementor-ken-burns--in\" role=\"img\" aria-label=\"20200820_225905\"><\/div><div class=\"elementor-background-overlay\"><\/div><div class=\"swiper-slide-inner\" ><div class=\"swiper-slide-contents\"><div class=\"elementor-slide-heading\">DETI - THELL\u00cbSIA - FUQIA<\/div><\/div><\/div><\/div><div class=\"elementor-repeater-item-95d0990 swiper-slide\" role=\"group\" aria-roledescription=\"slide\"><div class=\"swiper-slide-bg elementor-ken-burns elementor-ken-burns--in\" role=\"img\" aria-label=\"20200820_191437\"><\/div><div class=\"elementor-background-overlay\"><\/div><div class=\"swiper-slide-inner\" ><div class=\"swiper-slide-contents\"><div class=\"elementor-slide-heading\">PER\u00cbNDIMI - FSHEHT\u00cbSIA - MUZA<\/div><\/div><\/div><\/div><div class=\"elementor-repeater-item-aa630a7 swiper-slide\" role=\"group\" aria-roledescription=\"slide\"><div class=\"swiper-slide-bg elementor-ken-burns elementor-ken-burns--in\" role=\"img\" aria-label=\"20200823_104803\"><\/div><div class=\"elementor-background-overlay\"><\/div><div class=\"swiper-slide-inner\" ><div class=\"swiper-slide-contents\"><div class=\"elementor-slide-heading\">KULTURA - IDENTITETI - ARTI<\/div><\/div><\/div><\/div><div class=\"elementor-repeater-item-840a8ba swiper-slide\" role=\"group\" aria-roledescription=\"slide\"><div class=\"swiper-slide-bg elementor-ken-burns elementor-ken-burns--in\" role=\"img\" aria-label=\"20200828_174505\"><\/div><div class=\"elementor-background-overlay\"><\/div><div class=\"swiper-slide-inner\" ><div class=\"swiper-slide-contents\"><div class=\"elementor-slide-heading\">FRYM\u00cbZIMI - DASHURIA - BESNIK\u00cbRIA<\/div><\/div><\/div><\/div><div class=\"elementor-repeater-item-271be4f swiper-slide\" role=\"group\" aria-roledescription=\"slide\"><div class=\"swiper-slide-bg elementor-ken-burns elementor-ken-burns--in\" role=\"img\" aria-label=\"20200815_153914\"><\/div><div class=\"elementor-background-overlay\"><\/div><div class=\"swiper-slide-inner\" ><div class=\"swiper-slide-contents\"><div class=\"elementor-slide-heading\">THJESHT\u00cbSIA - ORIGJINALITETI - ZANAFILLA<\/div><\/div><\/div><\/div>\t\t\t\t<\/div>\n\t\t\t\t\t\t\t\t\t\t\t\t\t\t\t<div class=\"elementor-swiper-button elementor-swiper-button-prev\" role=\"button\" tabindex=\"0\" aria-label=\"Previous slide\">\n\t\t\t\t\t\t\t<i aria-hidden=\"true\" class=\"eicon-chevron-left\"><\/i>\t\t\t\t\t\t<\/div>\n\t\t\t\t\t\t<div class=\"elementor-swiper-button elementor-swiper-button-next\" role=\"button\" tabindex=\"0\" aria-label=\"Next slide\">\n\t\t\t\t\t\t\t<i aria-hidden=\"true\" class=\"eicon-chevron-right\"><\/i>\t\t\t\t\t\t<\/div>\n\t\t\t\t\t\t\t\t\t\t\t\t\t\t\t\t<div class=\"swiper-pagination\"><\/div>\n\t\t\t\t\t\t\t\t\t\t\t\t<\/div>\n\t\t\t\t<\/div>\n\t\t\t\t\t\t\t\t<\/div>\n\t\t\t\t<\/div>\n\t\t\t\t\t<\/div>\n\t\t<\/div>\n\t\t\t\t\t<\/div>\n\t\t<\/section>\n\t\t\t\t<\/div>\n\t\t","protected":false},"excerpt":{"rendered":"<p>HEJ, TUNGATJETA! MIR\u00cb SE ERDHE N\u00cb FAQEN TIMEKALO SA M\u00cb MIR\u00cb E NDJEHU K\u00cbNDSH\u00cbMMALLI &#8211; ATDHEU &#8211; KRENARIADETI &#8211; THELL\u00cbSIA &#8211; FUQIAPER\u00cbNDIMI &#8211; FSHEHT\u00cbSIA &hellip; <a href=\"https:\/\/besimxhelili.at\/al\/\" class=\"readmore\">More <span class=\"screen-reader-text\">Ballina<\/span> &raquo;<\/a><\/p>\n","protected":false},"author":1,"featured_media":0,"parent":0,"menu_order":0,"comment_status":"closed","ping_status":"closed","template":"elementor_header_footer","meta":{"footnotes":""},"class_list":["post-46","page","type-page","status-publish","hentry"],"_links":{"self":[{"href":"https:\/\/besimxhelili.at\/al\/wp-json\/wp\/v2\/pages\/46","targetHints":{"allow":["GET"]}}],"collection":[{"href":"https:\/\/besimxhelili.at\/al\/wp-json\/wp\/v2\/pages"}],"about":[{"href":"https:\/\/besimxhelili.at\/al\/wp-json\/wp\/v2\/types\/page"}],"author":[{"embeddable":true,"href":"https:\/\/besimxhelili.at\/al\/wp-json\/wp\/v2\/users\/1"}],"replies":[{"embeddable":true,"href":"https:\/\/besimxhelili.at\/al\/wp-json\/wp\/v2\/comments?post=46"}],"version-history":[{"count":77,"href":"https:\/\/besimxhelili.at\/al\/wp-json\/wp\/v2\/pages\/46\/revisions"}],"predecessor-version":[{"id":975,"href":"https:\/\/besimxhelili.at\/al\/wp-json\/wp\/v2\/pages\/46\/revisions\/975"}],"wp:attachment":[{"href":"https:\/\/besimxhelili.at\/al\/wp-json\/wp\/v2\/media?parent=46"}],"curies":[{"name":"wp","href":"https:\/\/api.w.org\/{rel}","templated":true}]}}